{"id":12441,"date":"2023-12-13T21:07:58","date_gmt":"2023-12-13T21:07:58","guid":{"rendered":"https:\/\/lpherreria.com.ar\/inicio\/?page_id=12441"},"modified":"2024-03-14T23:59:25","modified_gmt":"2024-03-14T23:59:25","slug":"contacto","status":"publish","type":"page","link":"https:\/\/lpherreria.com.ar\/inicio\/contacto\/","title":{"rendered":"Contacto"},"content":{"rendered":"\t\t<div data-elementor-type=\"wp-page\" data-elementor-id=\"12441\" class=\"elementor elementor-12441\">\n\t\t\t\t\t\t<section class=\"elementor-section elementor-top-section elementor-element elementor-element-a429cbf elementor-section-stretched elementor-section-height-min-height elementor-section-content-middle elementor-section-boxed elementor-section-height-default elementor-section-items-middle\" data-id=\"a429cbf\" data-element_type=\"section\" data-e-type=\"section\" data-settings=\"{&quot;stretch_section&quot;:&quot;section-stretched&quot;,&quot;background_background&quot;:&quot;slideshow&quot;,&quot;background_slideshow_gallery&quot;:[{&quot;id&quot;:12301,&quot;url&quot;:&quot;https:\\\/\\\/lpherreria.com.ar\\\/inicio\\\/wp-content\\\/uploads\\\/2023\\\/12\\\/Pictures_Portada_Inicio_Web-03.png&quot;},{&quot;id&quot;:12141,&quot;url&quot;:&quot;https:\\\/\\\/lpherreria.com.ar\\\/inicio\\\/wp-content\\\/uploads\\\/2023\\\/12\\\/Pictures_Portada_Inicio_Web-01.png&quot;},{&quot;id&quot;:12308,&quot;url&quot;:&quot;https:\\\/\\\/lpherreria.com.ar\\\/inicio\\\/wp-content\\\/uploads\\\/2023\\\/12\\\/Pictures_Portada_Inicio_Web-02.png&quot;},{&quot;id&quot;:12309,&quot;url&quot;:&quot;https:\\\/\\\/lpherreria.com.ar\\\/inicio\\\/wp-content\\\/uploads\\\/2023\\\/12\\\/Pictures_Portada_Inicio_Web-04.png&quot;}],&quot;background_slideshow_slide_duration&quot;:4000,&quot;background_slideshow_transition_duration&quot;:400,&quot;background_slideshow_loop&quot;:&quot;yes&quot;,&quot;background_slideshow_slide_transition&quot;:&quot;fade&quot;}\">\n\t\t\t\t\t\t\t<div class=\"elementor-background-overlay\"><\/div>\n\t\t\t\t\t\t\t<div class=\"elementor-container elementor-column-gap-default\">\n\t\t\t\t\t<div class=\"elementor-column elementor-col-50 elementor-top-column elementor-element elementor-element-1e3efe8 animated-slow elementor-invisible\" data-id=\"1e3efe8\" data-element_type=\"column\" data-e-type=\"column\" data-settings=\"{&quot;animation&quot;:&quot;fadeIn&quot;,&quot;animation_delay&quot;:500}\">\n\t\t\t<div class=\"elementor-widget-wrap elementor-element-populated\">\n\t\t\t\t\t\t<section class=\"elementor-section elementor-inner-section elementor-element elementor-element-b2ac2e1 elementor-section-boxed elementor-section-height-default elementor-section-height-default\" data-id=\"b2ac2e1\" data-element_type=\"section\" data-e-type=\"section\">\n\t\t\t\t\t\t<div class=\"elementor-container elementor-column-gap-default\">\n\t\t\t\t\t<div class=\"elementor-column elementor-col-100 elementor-inner-column elementor-element elementor-element-6d58eb8\" data-id=\"6d58eb8\" data-element_type=\"column\" data-e-type=\"column\">\n\t\t\t<div class=\"elementor-widget-wrap elementor-element-populated\">\n\t\t\t\t\t\t<div class=\"elementor-element elementor-element-ad34c0e elementor-widget elementor-widget-writing-effect-headline\" data-id=\"ad34c0e\" data-element_type=\"widget\" data-e-type=\"widget\" data-widget_type=\"writing-effect-headline.default\">\n\t\t\t\t<div class=\"elementor-widget-container\">\n\t\t\t\t\t\t\t<h2 class=\"a13ree-written-headline\" data-speed=\"80\" data-loop=\"1\">\r\n\t\t\t\t\t\t\t<span class=\"before-written\">Tu proyecto<br\/>es nuestra<br\/>prioridad<br\/><\/span>\r\n\t\t\t\r\n\t\t\t            <span class=\"written-lines elementor-screen-only\">Dedicaci\u00f3n\nCompromiso\nCalidad<\/span>\r\n\t\t\t\r\n\t\t\t\t\t<\/h2>\r\n\t\t\t\t\t\t<\/div>\n\t\t\t\t<\/div>\n\t\t\t\t\t<\/div>\n\t\t<\/div>\n\t\t\t\t\t<\/div>\n\t\t<\/section>\n\t\t\t\t<section class=\"elementor-section elementor-inner-section elementor-element elementor-element-e8e68a5 elementor-section-boxed elementor-section-height-default elementor-section-height-default\" data-id=\"e8e68a5\" data-element_type=\"section\" data-e-type=\"section\">\n\t\t\t\t\t\t<div class=\"elementor-container elementor-column-gap-default\">\n\t\t\t\t\t<div class=\"elementor-column elementor-col-50 elementor-inner-column elementor-element elementor-element-fe13cb7\" data-id=\"fe13cb7\" data-element_type=\"column\" data-e-type=\"column\">\n\t\t\t<div class=\"elementor-widget-wrap elementor-element-populated\">\n\t\t\t\t\t\t<div class=\"elementor-element elementor-element-fb8f49d elementor-widget elementor-widget-heading\" data-id=\"fb8f49d\" data-element_type=\"widget\" data-e-type=\"widget\" data-widget_type=\"heading.default\">\n\t\t\t\t<div class=\"elementor-widget-container\">\n\t\t\t\t\t<div class=\"elementor-heading-title elementor-size-default\">Si tienes consultas sobre el presupuesto no dudes en contactarnos. <b>Estamos emocionado de ser parte de tu transformaci\u00f3n.<\/b><\/div>\t\t\t\t<\/div>\n\t\t\t\t<\/div>\n\t\t\t\t\t<\/div>\n\t\t<\/div>\n\t\t\t\t<div class=\"elementor-column elementor-col-50 elementor-inner-column elementor-element elementor-element-58e25eb\" data-id=\"58e25eb\" data-element_type=\"column\" data-e-type=\"column\">\n\t\t\t<div class=\"elementor-widget-wrap\">\n\t\t\t\t\t\t\t<\/div>\n\t\t<\/div>\n\t\t\t\t\t<\/div>\n\t\t<\/section>\n\t\t\t\t<div class=\"elementor-element elementor-element-95f7206 elementor-widget elementor-widget-spacer\" data-id=\"95f7206\" data-element_type=\"widget\" data-e-type=\"widget\" data-widget_type=\"spacer.default\">\n\t\t\t\t<div class=\"elementor-widget-container\">\n\t\t\t\t\t\t\t<div class=\"elementor-spacer\">\n\t\t\t<div class=\"elementor-spacer-inner\"><\/div>\n\t\t<\/div>\n\t\t\t\t\t\t<\/div>\n\t\t\t\t<\/div>\n\t\t\t\t\t<\/div>\n\t\t<\/div>\n\t\t\t\t<div class=\"elementor-column elementor-col-50 elementor-top-column elementor-element elementor-element-d58d5a3\" data-id=\"d58d5a3\" data-element_type=\"column\" data-e-type=\"column\">\n\t\t\t<div class=\"elementor-widget-wrap\">\n\t\t\t\t\t\t\t<\/div>\n\t\t<\/div>\n\t\t\t\t\t<\/div>\n\t\t<\/section>\n\t\t\t\t<section class=\"elementor-section elementor-top-section elementor-element elementor-element-6c1bffb elementor-section-stretched elementor-section-full_width elementor-section-content-middle elementor-reverse-mobile elementor-section-height-default elementor-section-height-default\" data-id=\"6c1bffb\" data-element_type=\"section\" data-e-type=\"section\" data-settings=\"{&quot;stretch_section&quot;:&quot;section-stretched&quot;,&quot;background_background&quot;:&quot;classic&quot;}\">\n\t\t\t\t\t\t<div class=\"elementor-container elementor-column-gap-wider\">\n\t\t\t\t\t<div class=\"elementor-column elementor-col-50 elementor-top-column elementor-element elementor-element-2ea703a\" data-id=\"2ea703a\" data-element_type=\"column\" data-e-type=\"column\">\n\t\t\t<div class=\"elementor-widget-wrap elementor-element-populated\">\n\t\t\t\t\t\t<div class=\"elementor-element elementor-element-9f3705b elementor-widget elementor-widget-spacer\" data-id=\"9f3705b\" data-element_type=\"widget\" data-e-type=\"widget\" data-widget_type=\"spacer.default\">\n\t\t\t\t<div class=\"elementor-widget-container\">\n\t\t\t\t\t\t\t<div class=\"elementor-spacer\">\n\t\t\t<div class=\"elementor-spacer-inner\"><\/div>\n\t\t<\/div>\n\t\t\t\t\t\t<\/div>\n\t\t\t\t<\/div>\n\t\t\t\t<section class=\"elementor-section elementor-inner-section elementor-element elementor-element-d0eef6c elementor-section-boxed elementor-section-height-default elementor-section-height-default\" data-id=\"d0eef6c\" data-element_type=\"section\" data-e-type=\"section\">\n\t\t\t\t\t\t<div class=\"elementor-container elementor-column-gap-default\">\n\t\t\t\t\t<div class=\"elementor-column elementor-col-100 elementor-inner-column elementor-element elementor-element-346552f\" data-id=\"346552f\" data-element_type=\"column\" data-e-type=\"column\">\n\t\t\t<div class=\"elementor-widget-wrap elementor-element-populated\">\n\t\t\t\t\t\t<div class=\"elementor-element elementor-element-6ced4d1 elementor-widget elementor-widget-heading\" data-id=\"6ced4d1\" data-element_type=\"widget\" data-e-type=\"widget\" data-widget_type=\"heading.default\">\n\t\t\t\t<div class=\"elementor-widget-container\">\n\t\t\t\t\t<span class=\"elementor-heading-title elementor-size-default\">Contactanos<\/span>\t\t\t\t<\/div>\n\t\t\t\t<\/div>\n\t\t\t\t<div class=\"elementor-element elementor-element-dae5a90 elementor-widget elementor-widget-heading\" data-id=\"dae5a90\" data-element_type=\"widget\" data-e-type=\"widget\" data-widget_type=\"heading.default\">\n\t\t\t\t<div class=\"elementor-widget-container\">\n\t\t\t\t\t<h2 class=\"elementor-heading-title elementor-size-default\">hora de hacer realidad tu proyecto<\/h2>\t\t\t\t<\/div>\n\t\t\t\t<\/div>\n\t\t\t\t<div class=\"elementor-element elementor-element-83d9426 elementor-widget-divider--view-line elementor-widget elementor-widget-divider\" data-id=\"83d9426\" data-element_type=\"widget\" data-e-type=\"widget\" data-widget_type=\"divider.default\">\n\t\t\t\t<div class=\"elementor-widget-container\">\n\t\t\t\t\t\t\t<div class=\"elementor-divider\">\n\t\t\t<span class=\"elementor-divider-separator\">\n\t\t\t\t\t\t<\/span>\n\t\t<\/div>\n\t\t\t\t\t\t<\/div>\n\t\t\t\t<\/div>\n\t\t\t\t<div class=\"elementor-element elementor-element-5251fc1 elementor-widget elementor-widget-text-editor\" data-id=\"5251fc1\" data-element_type=\"widget\" data-e-type=\"widget\" data-widget_type=\"text-editor.default\">\n\t\t\t\t<div class=\"elementor-widget-container\">\n\t\t\t\t\t\t\t\t\t<p>En nuestra herrer\u00eda, estamos ansiosos por conocer tus proyectos. <strong>Cada idea que traigas cobrar\u00e1 vida en manos de nuestros expertos en hierro.<\/strong><\/p><p>\u00a1Cu\u00e9ntanos tu idea y juntos la haremos realidad!<\/p>\t\t\t\t\t\t\t\t<\/div>\n\t\t\t\t<\/div>\n\t\t\t\t<div class=\"elementor-element elementor-element-b3c084c elementor-widget elementor-widget-spacer\" data-id=\"b3c084c\" data-element_type=\"widget\" data-e-type=\"widget\" data-widget_type=\"spacer.default\">\n\t\t\t\t<div class=\"elementor-widget-container\">\n\t\t\t\t\t\t\t<div class=\"elementor-spacer\">\n\t\t\t<div class=\"elementor-spacer-inner\"><\/div>\n\t\t<\/div>\n\t\t\t\t\t\t<\/div>\n\t\t\t\t<\/div>\n\t\t\t\t<div class=\"elementor-element elementor-element-a60afc8 elementor-align-left elementor-mobile-align-center elementor-widget elementor-widget-button\" data-id=\"a60afc8\" data-element_type=\"widget\" data-e-type=\"widget\" data-widget_type=\"button.default\">\n\t\t\t\t<div class=\"elementor-widget-container\">\n\t\t\t\t\t\t\t\t\t<div class=\"elementor-button-wrapper\">\n\t\t\t\t\t<a class=\"elementor-button elementor-button-link elementor-size-md\" href=\"https:\/\/wa.me\/5491166627226?text=\u00a1Hola!%20Quiero%20m\u00e1s%20informaci\u00f3n%20sobre%20un%20proyecto%20y%20saber%20presupuesto,%20\u00a1gracias!\">\n\t\t\t\t\t\t<span class=\"elementor-button-content-wrapper\">\n\t\t\t\t\t\t<span class=\"elementor-button-icon\">\n\t\t\t\t<svg aria-hidden=\"true\" class=\"e-font-icon-svg e-far-arrow-alt-circle-right\" viewBox=\"0 0 512 512\" xmlns=\"http:\/\/www.w3.org\/2000\/svg\"><path d=\"M504 256C504 119 393 8 256 8S8 119 8 256s111 248 248 248 248-111 248-248zm-448 0c0-110.5 89.5-200 200-200s200 89.5 200 200-89.5 200-200 200S56 366.5 56 256zm72 20v-40c0-6.6 5.4-12 12-12h116v-67c0-10.7 12.9-16 20.5-8.5l99 99c4.7 4.7 4.7 12.3 0 17l-99 99c-7.6 7.6-20.5 2.2-20.5-8.5v-67H140c-6.6 0-12-5.4-12-12z\"><\/path><\/svg>\t\t\t<\/span>\n\t\t\t\t\t\t\t\t\t<span class=\"elementor-button-text\">HABLEMOS<\/span>\n\t\t\t\t\t<\/span>\n\t\t\t\t\t<\/a>\n\t\t\t\t<\/div>\n\t\t\t\t\t\t\t\t<\/div>\n\t\t\t\t<\/div>\n\t\t\t\t\t<\/div>\n\t\t<\/div>\n\t\t\t\t\t<\/div>\n\t\t<\/section>\n\t\t\t\t<div class=\"elementor-element elementor-element-152eea0 elementor-widget elementor-widget-spacer\" data-id=\"152eea0\" data-element_type=\"widget\" data-e-type=\"widget\" data-widget_type=\"spacer.default\">\n\t\t\t\t<div class=\"elementor-widget-container\">\n\t\t\t\t\t\t\t<div class=\"elementor-spacer\">\n\t\t\t<div class=\"elementor-spacer-inner\"><\/div>\n\t\t<\/div>\n\t\t\t\t\t\t<\/div>\n\t\t\t\t<\/div>\n\t\t\t\t\t<\/div>\n\t\t<\/div>\n\t\t\t\t<div class=\"elementor-column elementor-col-50 elementor-top-column elementor-element elementor-element-b242380\" data-id=\"b242380\" data-element_type=\"column\" data-e-type=\"column\" data-settings=\"{&quot;background_background&quot;:&quot;classic&quot;}\">\n\t\t\t<div class=\"elementor-widget-wrap elementor-element-populated\">\n\t\t\t\t\t\t<div class=\"elementor-element elementor-element-1fdccf7 elementor-widget__width-initial elementor-widget elementor-widget-spacer\" data-id=\"1fdccf7\" data-element_type=\"widget\" data-e-type=\"widget\" data-widget_type=\"spacer.default\">\n\t\t\t\t<div class=\"elementor-widget-container\">\n\t\t\t\t\t\t\t<div class=\"elementor-spacer\">\n\t\t\t<div class=\"elementor-spacer-inner\"><\/div>\n\t\t<\/div>\n\t\t\t\t\t\t<\/div>\n\t\t\t\t<\/div>\n\t\t\t\t\t<\/div>\n\t\t<\/div>\n\t\t\t\t\t<\/div>\n\t\t<\/section>\n\t\t\t\t<\/div>\n\t\t","protected":false},"excerpt":{"rendered":"<p>Tu proyectoes nuestraprioridad Dedicaci\u00f3n Compromiso Calidad Si tienes consultas sobre&hellip;<\/p>\n<p> <a class=\"more-link\" href=\"https:\/\/lpherreria.com.ar\/inicio\/contacto\/\">Leer m\u00e1s<\/a><\/p>\n","protected":false},"author":2,"featured_media":0,"parent":0,"menu_order":0,"comment_status":"closed","ping_status":"closed","template":"","meta":{"footnotes":""},"class_list":["post-12441","page","type-page","status-publish"],"yoast_head":"<!-- This site is optimized with the Yoast SEO plugin v27.6 - https:\/\/yoast.com\/product\/yoast-seo-wordpress\/ -->\n<title>Contacto | LP Herrer\u00eda.<\/title>\n<meta name=\"description\" content=\"Con\u00e9ctate con nosotros en LP Herrer\u00eda Mart\u00ednez. Estamos aqu\u00ed para convertir tus ideas en proyectos de calidad en hierro. Completa el formulario de contacto y d\u00e9janos ser parte de tu pr\u00f3xima creaci\u00f3n.\" \/>\n<meta name=\"robots\" content=\"index, follow, max-snippet:-1, max-image-preview:large, max-video-preview:-1\" \/>\n<link rel=\"canonical\" href=\"https:\/\/lpherreria.com.ar\/inicio\/contacto\/\" \/>\n<meta property=\"og:locale\" content=\"es_ES\" \/>\n<meta property=\"og:type\" content=\"article\" \/>\n<meta property=\"og:title\" content=\"Contacto | LP Herrer\u00eda.\" \/>\n<meta property=\"og:description\" content=\"Con\u00e9ctate con nosotros en LP Herrer\u00eda Mart\u00ednez. Estamos aqu\u00ed para convertir tus ideas en proyectos de calidad en hierro. Completa el formulario de contacto y d\u00e9janos ser parte de tu pr\u00f3xima creaci\u00f3n.\" \/>\n<meta property=\"og:url\" content=\"https:\/\/lpherreria.com.ar\/inicio\/contacto\/\" \/>\n<meta property=\"og:site_name\" content=\"LP Herrer\u00eda Calidad en Hierros\" \/>\n<meta property=\"article:modified_time\" content=\"2024-03-14T23:59:25+00:00\" \/>\n<meta name=\"twitter:card\" content=\"summary_large_image\" \/>\n<meta name=\"twitter:label1\" content=\"Tiempo de lectura\" \/>\n\t<meta name=\"twitter:data1\" content=\"1 minuto\" \/>\n<script type=\"application\/ld+json\" class=\"yoast-schema-graph\">{\"@context\":\"https:\\\/\\\/schema.org\",\"@graph\":[{\"@type\":\"WebPage\",\"@id\":\"https:\\\/\\\/lpherreria.com.ar\\\/inicio\\\/contacto\\\/\",\"url\":\"https:\\\/\\\/lpherreria.com.ar\\\/inicio\\\/contacto\\\/\",\"name\":\"Contacto | LP Herrer\u00eda.\",\"isPartOf\":{\"@id\":\"https:\\\/\\\/lpherreria.com.ar\\\/inicio\\\/#website\"},\"datePublished\":\"2023-12-13T21:07:58+00:00\",\"dateModified\":\"2024-03-14T23:59:25+00:00\",\"description\":\"Con\u00e9ctate con nosotros en LP Herrer\u00eda Mart\u00ednez. Estamos aqu\u00ed para convertir tus ideas en proyectos de calidad en hierro. Completa el formulario de contacto y d\u00e9janos ser parte de tu pr\u00f3xima creaci\u00f3n.\",\"breadcrumb\":{\"@id\":\"https:\\\/\\\/lpherreria.com.ar\\\/inicio\\\/contacto\\\/#breadcrumb\"},\"inLanguage\":\"es\",\"potentialAction\":[{\"@type\":\"ReadAction\",\"target\":[\"https:\\\/\\\/lpherreria.com.ar\\\/inicio\\\/contacto\\\/\"]}]},{\"@type\":\"BreadcrumbList\",\"@id\":\"https:\\\/\\\/lpherreria.com.ar\\\/inicio\\\/contacto\\\/#breadcrumb\",\"itemListElement\":[{\"@type\":\"ListItem\",\"position\":1,\"name\":\"Portada\",\"item\":\"https:\\\/\\\/lpherreria.com.ar\\\/inicio\\\/\"},{\"@type\":\"ListItem\",\"position\":2,\"name\":\"Contacto\"}]},{\"@type\":\"WebSite\",\"@id\":\"https:\\\/\\\/lpherreria.com.ar\\\/inicio\\\/#website\",\"url\":\"https:\\\/\\\/lpherreria.com.ar\\\/inicio\\\/\",\"name\":\"LP Herrer\u00eda Calidad en Hierros\",\"description\":\"Expertos en Calidad en Hierro para Proyectos Duraderos y Estilos \u00danicos. Descubre Nuestra Artesan\u00eda en Cada Detalle.\",\"potentialAction\":[{\"@type\":\"SearchAction\",\"target\":{\"@type\":\"EntryPoint\",\"urlTemplate\":\"https:\\\/\\\/lpherreria.com.ar\\\/inicio\\\/?s={search_term_string}\"},\"query-input\":{\"@type\":\"PropertyValueSpecification\",\"valueRequired\":true,\"valueName\":\"search_term_string\"}}],\"inLanguage\":\"es\"}]}<\/script>\n<!-- \/ Yoast SEO plugin. -->","yoast_head_json":{"title":"Contacto | LP Herrer\u00eda.","description":"Con\u00e9ctate con nosotros en LP Herrer\u00eda Mart\u00ednez. Estamos aqu\u00ed para convertir tus ideas en proyectos de calidad en hierro. Completa el formulario de contacto y d\u00e9janos ser parte de tu pr\u00f3xima creaci\u00f3n.","robots":{"index":"index","follow":"follow","max-snippet":"max-snippet:-1","max-image-preview":"max-image-preview:large","max-video-preview":"max-video-preview:-1"},"canonical":"https:\/\/lpherreria.com.ar\/inicio\/contacto\/","og_locale":"es_ES","og_type":"article","og_title":"Contacto | LP Herrer\u00eda.","og_description":"Con\u00e9ctate con nosotros en LP Herrer\u00eda Mart\u00ednez. Estamos aqu\u00ed para convertir tus ideas en proyectos de calidad en hierro. Completa el formulario de contacto y d\u00e9janos ser parte de tu pr\u00f3xima creaci\u00f3n.","og_url":"https:\/\/lpherreria.com.ar\/inicio\/contacto\/","og_site_name":"LP Herrer\u00eda Calidad en Hierros","article_modified_time":"2024-03-14T23:59:25+00:00","twitter_card":"summary_large_image","twitter_misc":{"Tiempo de lectura":"1 minuto"},"schema":{"@context":"https:\/\/schema.org","@graph":[{"@type":"WebPage","@id":"https:\/\/lpherreria.com.ar\/inicio\/contacto\/","url":"https:\/\/lpherreria.com.ar\/inicio\/contacto\/","name":"Contacto | LP Herrer\u00eda.","isPartOf":{"@id":"https:\/\/lpherreria.com.ar\/inicio\/#website"},"datePublished":"2023-12-13T21:07:58+00:00","dateModified":"2024-03-14T23:59:25+00:00","description":"Con\u00e9ctate con nosotros en LP Herrer\u00eda Mart\u00ednez. Estamos aqu\u00ed para convertir tus ideas en proyectos de calidad en hierro. Completa el formulario de contacto y d\u00e9janos ser parte de tu pr\u00f3xima creaci\u00f3n.","breadcrumb":{"@id":"https:\/\/lpherreria.com.ar\/inicio\/contacto\/#breadcrumb"},"inLanguage":"es","potentialAction":[{"@type":"ReadAction","target":["https:\/\/lpherreria.com.ar\/inicio\/contacto\/"]}]},{"@type":"BreadcrumbList","@id":"https:\/\/lpherreria.com.ar\/inicio\/contacto\/#breadcrumb","itemListElement":[{"@type":"ListItem","position":1,"name":"Portada","item":"https:\/\/lpherreria.com.ar\/inicio\/"},{"@type":"ListItem","position":2,"name":"Contacto"}]},{"@type":"WebSite","@id":"https:\/\/lpherreria.com.ar\/inicio\/#website","url":"https:\/\/lpherreria.com.ar\/inicio\/","name":"LP Herrer\u00eda Calidad en Hierros","description":"Expertos en Calidad en Hierro para Proyectos Duraderos y Estilos \u00danicos. Descubre Nuestra Artesan\u00eda en Cada Detalle.","potentialAction":[{"@type":"SearchAction","target":{"@type":"EntryPoint","urlTemplate":"https:\/\/lpherreria.com.ar\/inicio\/?s={search_term_string}"},"query-input":{"@type":"PropertyValueSpecification","valueRequired":true,"valueName":"search_term_string"}}],"inLanguage":"es"}]}},"_links":{"self":[{"href":"https:\/\/lpherreria.com.ar\/inicio\/wp-json\/wp\/v2\/pages\/12441","targetHints":{"allow":["GET"]}}],"collection":[{"href":"https:\/\/lpherreria.com.ar\/inicio\/wp-json\/wp\/v2\/pages"}],"about":[{"href":"https:\/\/lpherreria.com.ar\/inicio\/wp-json\/wp\/v2\/types\/page"}],"author":[{"embeddable":true,"href":"https:\/\/lpherreria.com.ar\/inicio\/wp-json\/wp\/v2\/users\/2"}],"replies":[{"embeddable":true,"href":"https:\/\/lpherreria.com.ar\/inicio\/wp-json\/wp\/v2\/comments?post=12441"}],"version-history":[{"count":27,"href":"https:\/\/lpherreria.com.ar\/inicio\/wp-json\/wp\/v2\/pages\/12441\/revisions"}],"predecessor-version":[{"id":13062,"href":"https:\/\/lpherreria.com.ar\/inicio\/wp-json\/wp\/v2\/pages\/12441\/revisions\/13062"}],"wp:attachment":[{"href":"https:\/\/lpherreria.com.ar\/inicio\/wp-json\/wp\/v2\/media?parent=12441"}],"curies":[{"name":"wp","href":"https:\/\/api.w.org\/{rel}","templated":true}]}}